{"id":11245,"date":"2025-01-08T18:24:09","date_gmt":"2025-01-08T18:24:09","guid":{"rendered":"https:\/\/nutsoriginal.com\/b2b\/?page_id=11245"},"modified":"2025-11-11T17:42:31","modified_gmt":"2025-11-11T17:42:31","slug":"contacto-horeca","status":"publish","type":"page","link":"https:\/\/nutsoriginal.com\/fr\/contact-horeca\/","title":{"rendered":"<p>Contacter Horeca<\/p>"},"content":{"rendered":"<div data-elementor-type=\"wp-page\" data-elementor-id=\"11245\" class=\"elementor elementor-11245\">\n\t\t\t\t\t\t<section class=\"elementor-section elementor-top-section elementor-element elementor-element-077ff1a elementor-section-boxed elementor-section-height-default elementor-section-height-default\" data-id=\"077ff1a\" data-element_type=\"section\">\n\t\t\t\t\t\t<div class=\"elementor-container elementor-column-gap-default\">\n\t\t\t\t\t<div class=\"elementor-column elementor-col-100 elementor-top-column elementor-element elementor-element-f29e1e9\" data-id=\"f29e1e9\" data-element_type=\"column\">\n\t\t\t<div class=\"elementor-widget-wrap elementor-element-populated\">\n\t\t\t\t\t\t<div class=\"elementor-element elementor-element-05eb935 elementor-widget elementor-widget-heading\" data-id=\"05eb935\" data-element_type=\"widget\" data-widget_type=\"heading.default\">\n\t\t\t\t<div class=\"elementor-widget-container\">\n\t\t\t\t\t<h2 class=\"elementor-heading-title elementor-size-default\">Vous voulez en savoir plus sur la fa\u00e7on dont nous pouvons vous aider ? Alors, parlez-nous :<\/h2>\t\t\t\t<\/div>\n\t\t\t\t<\/div>\n\t\t\t\t<div class=\"elementor-element elementor-element-85fa4f7 elementor-widget elementor-widget-shortcode\" data-id=\"85fa4f7\" data-element_type=\"widget\" data-widget_type=\"shortcode.default\">\n\t\t\t\t<div class=\"elementor-widget-container\">\n\t\t\t\t\t\t\t<div class=\"elementor-shortcode\"><div class=\"forminator-ui forminator-custom-form forminator-custom-form-11247 forminator-design--material  forminator_ajax\" data-forminator-render=\"0\" data-form=\"forminator-module-11247\" data-uid=\"69d439c609cc1\"><br><\/div><form id=\"forminator-module-11247\" class=\"forminator-ui forminator-custom-form forminator-custom-form-11247 forminator-design--material  forminator_ajax\" method=\"post\" data-forminator-render=\"0\" data-form-id=\"11247\" data-color-option=\"default\" data-design=\"material\" data-grid=\"open\" style=\"display: none;\" data-uid=\"69d439c609cc1\" action=\"\"><div role=\"alert\" aria-live=\"polite\" class=\"forminator-response-message forminator-error\" aria-hidden=\"true\"><\/div><div class=\"forminator-row\"><div id=\"name-1\" class=\"forminator-field-name forminator-col forminator-col-12\"><div class=\"forminator-field\"><label for=\"forminator-field-name-1_69d439c609cc1\" id=\"forminator-field-name-1_69d439c609cc1-label\" class=\"forminator-label\">Nom <span class=\"forminator-required\">*<\/span><\/label><input type=\"text\" name=\"name-1\" value=\"\" placeholder=\"\" id=\"forminator-field-name-1_69d439c609cc1\" class=\"forminator-input forminator-name--field\" aria-required=\"true\" autocomplete=\"name\"><\/div><\/div><\/div><div class=\"forminator-row\"><div id=\"email-1\" class=\"forminator-field-email forminator-col forminator-col-12\"><div class=\"forminator-field\"><label for=\"forminator-field-email-1_69d439c609cc1\" id=\"forminator-field-email-1_69d439c609cc1-label\" class=\"forminator-label\">Courriel : <span class=\"forminator-required\">*<\/span><\/label><input type=\"email\" name=\"email-1\" value=\"\" placeholder=\"\" id=\"forminator-field-email-1_69d439c609cc1\" class=\"forminator-input forminator-email--field\" data-required=\"1\" aria-required=\"true\" autocomplete=\"email\"><\/div><\/div><\/div><div class=\"forminator-row\"><div id=\"phone-1\" class=\"forminator-field-phone forminator-col forminator-col-12\"><div class=\"forminator-field\"><label for=\"forminator-field-phone-1_69d439c609cc1\" id=\"forminator-field-phone-1_69d439c609cc1-label\" class=\"forminator-label\">Contact <span class=\"forminator-required\">*<\/span><\/label><input type=\"text\" name=\"phone-1\" value=\"\" placeholder=\"\" id=\"forminator-field-phone-1_69d439c609cc1\" class=\"forminator-input forminator-field--phone\" data-required=\"1\" aria-required=\"true\" autocomplete=\"off\"><\/div><\/div><\/div><div class=\"forminator-row\"><div id=\"text-1\" class=\"forminator-field-text forminator-col forminator-col-12\"><div class=\"forminator-field\"><label for=\"forminator-field-text-1_69d439c609cc1\" id=\"forminator-field-text-1_69d439c609cc1-label\" class=\"forminator-label\">Pays<\/label><input type=\"text\" name=\"text-1\" value=\"\" placeholder=\"\" id=\"forminator-field-text-1_69d439c609cc1\" class=\"forminator-input forminator-name--field\" data-required=\"\"><\/div><\/div><\/div><div class=\"forminator-row\"><div id=\"checkbox-2\" class=\"forminator-field-checkbox forminator-col forminator-col-12\"><div role=\"group\" class=\"forminator-field\" aria-labelledby=\"forminator-checkbox-group-forminator-field-checkbox-2-69d439c609cc1-label\"><span id=\"forminator-checkbox-group-forminator-field-checkbox-2-69d439c609cc1-label\" class=\"forminator-label\">Type d'entreprise<\/span><label id=\"forminator-field-checkbox-2-1-69d439c609cc1-label\" for=\"forminator-field-checkbox-2-1-69d439c609cc1\" class=\"forminator-checkbox forminator-checkbox-inline\" title=\"Distributeur\"><input type=\"checkbox\" name=\"checkbox-2[]\" value=\"one\" id=\"forminator-field-checkbox-2-1-69d439c609cc1\" aria-labelledby=\"forminator-field-checkbox-2-1-69d439c609cc1-label\" data-calculation=\"0\" data-hidden-behavior=\"zero\"><span class=\"forminator-checkbox-box\" aria-hidden=\"true\"><\/span><span class=\"forminator-checkbox-label\">Distributeur<\/span><\/label><label id=\"forminator-field-checkbox-2-2-69d439c609cc1-label\" for=\"forminator-field-checkbox-2-2-69d439c609cc1\" class=\"forminator-checkbox forminator-checkbox-inline\" title=\"Vente au d\u00e9tail\"><input type=\"checkbox\" name=\"checkbox-2[]\" value=\"two\" id=\"forminator-field-checkbox-2-2-69d439c609cc1\" aria-labelledby=\"forminator-field-checkbox-2-2-69d439c609cc1-label\" data-calculation=\"0\" data-hidden-behavior=\"zero\"><span class=\"forminator-checkbox-box\" aria-hidden=\"true\"><\/span><span class=\"forminator-checkbox-label\">Vente au d\u00e9tail<\/span><\/label><label id=\"forminator-field-checkbox-2-3-69d439c609cc1-label\" for=\"forminator-field-checkbox-2-3-69d439c609cc1\" class=\"forminator-checkbox forminator-checkbox-inline\" title=\"H\u00f4tel\"><input type=\"checkbox\" name=\"checkbox-2[]\" value=\"Hotel\" id=\"forminator-field-checkbox-2-3-69d439c609cc1\" aria-labelledby=\"forminator-field-checkbox-2-3-69d439c609cc1-label\" data-calculation=\"0\" data-hidden-behavior=\"zero\"><span class=\"forminator-checkbox-box\" aria-hidden=\"true\"><\/span><span class=\"forminator-checkbox-label\">H\u00f4tel<\/span><\/label><label id=\"forminator-field-checkbox-2-4-69d439c609cc1-label\" for=\"forminator-field-checkbox-2-4-69d439c609cc1\" class=\"forminator-checkbox forminator-checkbox-inline\" title=\"Casino\"><input type=\"checkbox\" name=\"checkbox-2[]\" value=\"Casino\" id=\"forminator-field-checkbox-2-4-69d439c609cc1\" aria-labelledby=\"forminator-field-checkbox-2-4-69d439c609cc1-label\" data-calculation=\"0\" data-hidden-behavior=\"zero\"><span class=\"forminator-checkbox-box\" aria-hidden=\"true\"><\/span><span class=\"forminator-checkbox-label\">Casino<\/span><\/label><label id=\"forminator-field-checkbox-2-5-69d439c609cc1-label\" for=\"forminator-field-checkbox-2-5-69d439c609cc1\" class=\"forminator-checkbox forminator-checkbox-inline\" title=\"Autre\"><input type=\"checkbox\" name=\"checkbox-2[]\" value=\"Outro\" id=\"forminator-field-checkbox-2-5-69d439c609cc1\" aria-labelledby=\"forminator-field-checkbox-2-5-69d439c609cc1-label\" data-calculation=\"0\" data-hidden-behavior=\"zero\"><span class=\"forminator-checkbox-box\" aria-hidden=\"true\"><\/span><span class=\"forminator-checkbox-label\">Autre<\/span><\/label><\/div><\/div><\/div><div class=\"forminator-row\"><div id=\"text-2\" class=\"forminator-field-text forminator-col forminator-col-12\"><div class=\"forminator-field\"><label for=\"forminator-field-text-2_69d439c609cc1\" id=\"forminator-field-text-2_69d439c609cc1-label\" class=\"forminator-label\">Courriel : <span class=\"forminator-required\">*<\/span><\/label><input type=\"text\" name=\"text-2\" value=\"\" placeholder=\"Par exemple, un espace r\u00e9serv\u00e9 pour un texte\" id=\"forminator-field-text-2_69d439c609cc1\" class=\"forminator-input forminator-name--field\" data-required=\"1\"><\/div><\/div><\/div><div class=\"forminator-row\"><div id=\"textarea-1\" class=\"forminator-field-textarea forminator-col forminator-col-12\"><div class=\"forminator-field\"><label for=\"forminator-field-textarea-1_69d439c609cc1\" id=\"forminator-field-textarea-1_69d439c609cc1-label\" class=\"forminator-label\">Message<\/label><textarea name=\"textarea-1\" placeholder=\"\" id=\"forminator-field-textarea-1_69d439c609cc1\" class=\"forminator-textarea\" rows=\"6\" style=\"min-height:140px;\" maxlength=\"180\"><\/textarea><span id=\"forminator-field-textarea-1_69d439c609cc1-description\" class=\"forminator-description\"><span data-limit=\"180\" data-type=\"characters\" data-editor=\"\">0 \/ 180<\/span><\/span><\/div><\/div><\/div><div class=\"forminator-row\"><div id=\"checkbox-1\" class=\"forminator-field-checkbox forminator-col forminator-col-12\"><div role=\"group\" class=\"forminator-field\" aria-labelledby=\"forminator-checkbox-group-forminator-field-checkbox-1-69d439c609cc1-label\"><label id=\"forminator-field-checkbox-1-1-69d439c609cc1-label\" for=\"forminator-field-checkbox-1-1-69d439c609cc1\" class=\"forminator-checkbox\" title=\"J&#039;accepte la politique de confidentialit\u00e9 et les conditions g\u00e9n\u00e9rales d&#039;utilisation\"><input type=\"checkbox\" name=\"checkbox-1[]\" value=\"one\" id=\"forminator-field-checkbox-1-1-69d439c609cc1\" aria-labelledby=\"forminator-field-checkbox-1-1-69d439c609cc1-label\" data-calculation=\"0\" data-hidden-behavior=\"zero\"><span class=\"forminator-checkbox-box\" aria-hidden=\"true\"><\/span><span class=\"forminator-checkbox-label\">J'accepte la politique de confidentialit\u00e9 et les conditions g\u00e9n\u00e9rales d'utilisation<\/span><\/label><\/div><\/div><\/div><div class=\"forminator-row\"><div id=\"captcha-1\" class=\"forminator-field-captcha forminator-col forminator-col-12\"><div class=\"forminator-captcha-left forminator-g-recaptcha\" data-theme=\"light\" data-sitekey=\"6Lf0dgosAAAAAPXYZbgxiZ0kNLgaeVWS-ZIMQfQI\" data-size=\"normal\"><\/div> <\/div><\/div><input type=\"hidden\" name=\"referer_url\" value=\"\"><div class=\"forminator-row forminator-row-last\"><div class=\"forminator-col\"><div class=\"forminator-field\"><button class=\"forminator-button forminator-button-submit\"><span>Envoyer<\/span><span aria-hidden=\"true\"><\/span><\/button><\/div><\/div><\/div><input type=\"hidden\" id=\"forminator_nonce\" name=\"forminator_nonce\" value=\"02ac09f422\"><input type=\"hidden\" name=\"_wp_http_referer\" value=\"\/fr\/wp-json\/wp\/v2\/pages\/11245\"><input type=\"hidden\" name=\"form_id\" value=\"11247\"><input type=\"hidden\" name=\"page_id\" value=\"11245\"><input type=\"hidden\" name=\"form_type\" value=\"default\"><input type=\"hidden\" name=\"current_url\" value=\"https:\/\/nutsoriginal.com\/fr\/contact-horeca\/\"><input type=\"hidden\" name=\"render_id\" value=\"0\"><input type=\"hidden\" name=\"action\" value=\"forminator_submit_form_custom-forms\"><input type=\"hidden\" name=\"trp-form-language\" value=\"fr\"\/><\/form><\/div>\n\t\t\t\t\t\t<\/div>\n\t\t\t\t<\/div>\n\t\t\t\t\t<\/div>\n\t\t<\/div>\n\t\t\t\t\t<\/div>\n\t\t<\/section>\n\t\t\t\t<\/div>","protected":false},"excerpt":{"rendered":"<p>Vous voulez en savoir plus sur la fa\u00e7on dont nous pouvons vous aider ? Alors, parlez-nous :<\/p>","protected":false},"author":9,"featured_media":0,"parent":0,"menu_order":0,"comment_status":"closed","ping_status":"closed","template":"","meta":{"footnotes":""},"class_list":["post-11245","page","type-page","status-publish","hentry"],"yoast_head":"<!-- This site is optimized with the Yoast SEO plugin v26.2 - https:\/\/yoast.com\/wordpress\/plugins\/seo\/ -->\n<title>Contacto Horeca - Nuts Original<\/title>\n<meta name=\"robots\" content=\"index, follow, max-snippet:-1, max-image-preview:large, max-video-preview:-1\" \/>\n<link rel=\"canonical\" href=\"https:\/\/nutsoriginal.com\/fr\/contact-horeca\/\" \/>\n<meta property=\"og:locale\" content=\"fr_CA\" \/>\n<meta property=\"og:type\" content=\"article\" \/>\n<meta property=\"og:title\" content=\"Contacto Horeca - Nuts Original\" \/>\n<meta property=\"og:description\" content=\"Quer saber mais informa\u00e7\u00f5es sobre como o podemos ajudar? Ent\u00e3o fale connosco:\" \/>\n<meta property=\"og:url\" content=\"https:\/\/nutsoriginal.com\/fr\/contact-horeca\/\" \/>\n<meta property=\"og:site_name\" content=\"Nuts Original\" \/>\n<meta property=\"article:publisher\" content=\"https:\/\/www.facebook.com\/NutsOriginal\" \/>\n<meta property=\"article:modified_time\" content=\"2025-11-11T17:42:31+00:00\" \/>\n<meta property=\"og:image\" content=\"https:\/\/nutsoriginal.com\/wp-content\/uploads\/2022\/04\/Logo_NutsOriginal.png\" \/>\n\t<meta property=\"og:image:width\" content=\"2212\" \/>\n\t<meta property=\"og:image:height\" content=\"1419\" \/>\n\t<meta property=\"og:image:type\" content=\"image\/png\" \/>\n<meta name=\"twitter:card\" content=\"summary_large_image\" \/>\n<meta name=\"twitter:site\" content=\"@nutsoriginal\" \/>\n<meta name=\"twitter:label1\" content=\"Estimation du temps de lecture\" \/>\n\t<meta name=\"twitter:data1\" content=\"1 minute\" \/>\n<script type=\"application\/ld+json\" class=\"yoast-schema-graph\">{\"@context\":\"https:\/\/schema.org\",\"@graph\":[{\"@type\":\"WebPage\",\"@id\":\"https:\/\/nutsoriginal.com\/contacto-horeca\/\",\"url\":\"https:\/\/nutsoriginal.com\/contacto-horeca\/\",\"name\":\"Contacto Horeca - Nuts Original\",\"isPartOf\":{\"@id\":\"https:\/\/nutsoriginal.com\/#website\"},\"datePublished\":\"2025-01-08T18:24:09+00:00\",\"dateModified\":\"2025-11-11T17:42:31+00:00\",\"breadcrumb\":{\"@id\":\"https:\/\/nutsoriginal.com\/contacto-horeca\/#breadcrumb\"},\"inLanguage\":\"fr-CA\",\"potentialAction\":[{\"@type\":\"ReadAction\",\"target\":[\"https:\/\/nutsoriginal.com\/contacto-horeca\/\"]}]},{\"@type\":\"BreadcrumbList\",\"@id\":\"https:\/\/nutsoriginal.com\/contacto-horeca\/#breadcrumb\",\"itemListElement\":[{\"@type\":\"ListItem\",\"position\":1,\"name\":\"Home\",\"item\":\"https:\/\/nutsoriginal.com\/\"},{\"@type\":\"ListItem\",\"position\":2,\"name\":\"Contacto Horeca\"}]},{\"@type\":\"WebSite\",\"@id\":\"https:\/\/nutsoriginal.com\/#website\",\"url\":\"https:\/\/nutsoriginal.com\/\",\"name\":\"Nuts Original\",\"description\":\"A new style of premium snacks\",\"publisher\":{\"@id\":\"https:\/\/nutsoriginal.com\/#organization\"},\"potentialAction\":[{\"@type\":\"SearchAction\",\"target\":{\"@type\":\"EntryPoint\",\"urlTemplate\":\"https:\/\/nutsoriginal.com\/?s={search_term_string}\"},\"query-input\":{\"@type\":\"PropertyValueSpecification\",\"valueRequired\":true,\"valueName\":\"search_term_string\"}}],\"inLanguage\":\"fr-CA\"},{\"@type\":\"Organization\",\"@id\":\"https:\/\/nutsoriginal.com\/#organization\",\"name\":\"Nuts Original\",\"url\":\"https:\/\/nutsoriginal.com\/\",\"logo\":{\"@type\":\"ImageObject\",\"inLanguage\":\"fr-CA\",\"@id\":\"https:\/\/nutsoriginal.com\/#\/schema\/logo\/image\/\",\"url\":\"https:\/\/nutsoriginal.com\/wp-content\/uploads\/2022\/04\/Logo_NutsOriginal.png\",\"contentUrl\":\"https:\/\/nutsoriginal.com\/wp-content\/uploads\/2022\/04\/Logo_NutsOriginal.png\",\"width\":2212,\"height\":1419,\"caption\":\"Nuts Original\"},\"image\":{\"@id\":\"https:\/\/nutsoriginal.com\/#\/schema\/logo\/image\/\"},\"sameAs\":[\"https:\/\/www.facebook.com\/NutsOriginal\",\"https:\/\/x.com\/nutsoriginal\",\"https:\/\/www.instagram.com\/nuts.original\/\"]}]}<\/script>\n<!-- \/ Yoast SEO plugin. -->","yoast_head_json":{"title":"Contacto Horeca - Nuts Original","robots":{"index":"index","follow":"follow","max-snippet":"max-snippet:-1","max-image-preview":"max-image-preview:large","max-video-preview":"max-video-preview:-1"},"canonical":"https:\/\/nutsoriginal.com\/fr\/contact-horeca\/","og_locale":"fr_CA","og_type":"article","og_title":"Contacto Horeca - Nuts Original","og_description":"Quer saber mais informa\u00e7\u00f5es sobre como o podemos ajudar? Ent\u00e3o fale connosco:","og_url":"https:\/\/nutsoriginal.com\/fr\/contact-horeca\/","og_site_name":"Nuts Original","article_publisher":"https:\/\/www.facebook.com\/NutsOriginal","article_modified_time":"2025-11-11T17:42:31+00:00","og_image":[{"width":2212,"height":1419,"url":"https:\/\/nutsoriginal.com\/wp-content\/uploads\/2022\/04\/Logo_NutsOriginal.png","type":"image\/png"}],"twitter_card":"summary_large_image","twitter_site":"@nutsoriginal","twitter_misc":{"Estimation du temps de lecture":"1 minute"},"schema":{"@context":"https:\/\/schema.org","@graph":[{"@type":"WebPage","@id":"https:\/\/nutsoriginal.com\/contacto-horeca\/","url":"https:\/\/nutsoriginal.com\/contacto-horeca\/","name":"Contacto Horeca - Nuts Original","isPartOf":{"@id":"https:\/\/nutsoriginal.com\/#website"},"datePublished":"2025-01-08T18:24:09+00:00","dateModified":"2025-11-11T17:42:31+00:00","breadcrumb":{"@id":"https:\/\/nutsoriginal.com\/contacto-horeca\/#breadcrumb"},"inLanguage":"fr-CA","potentialAction":[{"@type":"ReadAction","target":["https:\/\/nutsoriginal.com\/contacto-horeca\/"]}]},{"@type":"BreadcrumbList","@id":"https:\/\/nutsoriginal.com\/contacto-horeca\/#breadcrumb","itemListElement":[{"@type":"ListItem","position":1,"name":"Home","item":"https:\/\/nutsoriginal.com\/"},{"@type":"ListItem","position":2,"name":"Contacto Horeca"}]},{"@type":"WebSite","@id":"https:\/\/nutsoriginal.com\/#website","url":"https:\/\/nutsoriginal.com\/","name":"Nuts Original","description":"A new style of premium snacks","publisher":{"@id":"https:\/\/nutsoriginal.com\/#organization"},"potentialAction":[{"@type":"SearchAction","target":{"@type":"EntryPoint","urlTemplate":"https:\/\/nutsoriginal.com\/?s={search_term_string}"},"query-input":{"@type":"PropertyValueSpecification","valueRequired":true,"valueName":"search_term_string"}}],"inLanguage":"fr-CA"},{"@type":"Organization","@id":"https:\/\/nutsoriginal.com\/#organization","name":"Nuts Original","url":"https:\/\/nutsoriginal.com\/","logo":{"@type":"ImageObject","inLanguage":"fr-CA","@id":"https:\/\/nutsoriginal.com\/#\/schema\/logo\/image\/","url":"https:\/\/nutsoriginal.com\/wp-content\/uploads\/2022\/04\/Logo_NutsOriginal.png","contentUrl":"https:\/\/nutsoriginal.com\/wp-content\/uploads\/2022\/04\/Logo_NutsOriginal.png","width":2212,"height":1419,"caption":"Nuts Original"},"image":{"@id":"https:\/\/nutsoriginal.com\/#\/schema\/logo\/image\/"},"sameAs":["https:\/\/www.facebook.com\/NutsOriginal","https:\/\/x.com\/nutsoriginal","https:\/\/www.instagram.com\/nuts.original\/"]}]}},"_links":{"self":[{"href":"https:\/\/nutsoriginal.com\/fr\/wp-json\/wp\/v2\/pages\/11245","targetHints":{"allow":["GET"]}}],"collection":[{"href":"https:\/\/nutsoriginal.com\/fr\/wp-json\/wp\/v2\/pages"}],"about":[{"href":"https:\/\/nutsoriginal.com\/fr\/wp-json\/wp\/v2\/types\/page"}],"author":[{"embeddable":true,"href":"https:\/\/nutsoriginal.com\/fr\/wp-json\/wp\/v2\/users\/9"}],"replies":[{"embeddable":true,"href":"https:\/\/nutsoriginal.com\/fr\/wp-json\/wp\/v2\/comments?post=11245"}],"version-history":[{"count":10,"href":"https:\/\/nutsoriginal.com\/fr\/wp-json\/wp\/v2\/pages\/11245\/revisions"}],"predecessor-version":[{"id":14877,"href":"https:\/\/nutsoriginal.com\/fr\/wp-json\/wp\/v2\/pages\/11245\/revisions\/14877"}],"wp:attachment":[{"href":"https:\/\/nutsoriginal.com\/fr\/wp-json\/wp\/v2\/media?parent=11245"}],"curies":[{"name":"wp","href":"https:\/\/api.w.org\/{rel}","templated":true}]}}